{"id":17,"date":"2023-01-28T15:58:01","date_gmt":"2023-01-28T15:58:01","guid":{"rendered":"https:\/\/bodaadileneyjuanjacinto.viatjaretravel.com\/?page_id=17"},"modified":"2023-02-04T14:53:58","modified_gmt":"2023-02-04T14:53:58","slug":"reservacion","status":"publish","type":"page","link":"https:\/\/bodaadileneyjuanjacinto.viatjaretravel.com\/index.php\/reservacion\/","title":{"rendered":"Reservaci\u00f3n"},"content":{"rendered":"\n<h3 class=\"has-text-align-center wp-block-heading\">\u00a1Acomp\u00e1\u00f1anos!<\/h3>\n\n\n\n<hr class=\"wp-block-separator has-css-opacity\"\/>\n\n\n\n<p class=\"has-text-align-center\">Los momentos m\u00e1s felices y divertidos de la vida, se toman m\u00e1s lindos cuando los compartimos con familiares y amigos.<\/p>\n\n\n\n<h4 class=\"has-text-align-center wp-block-heading\">Costo total<\/h4>\n\n\n\n<h4 class=\"has-text-align-center wp-block-heading\">3 noches de estancia<\/h4>\n\n\n\n<h4 class=\"has-text-align-center wp-block-heading\">Del 6-9 Septiembre 2024<\/h4>\n\n\n<div class=\"wp-block-image\">\n<figure class=\"aligncenter size-full\"><img loading=\"lazy\" decoding=\"async\" width=\"617\" height=\"311\" src=\"https:\/\/bodaadileneyjuanjacinto.viatjaretravel.com\/wp-content\/uploads\/2023\/01\/Screenshot_2-1.png\" alt=\"\" class=\"wp-image-41\" srcset=\"https:\/\/bodaadileneyjuanjacinto.viatjaretravel.com\/wp-content\/uploads\/2023\/01\/Screenshot_2-1.png 617w, https:\/\/bodaadileneyjuanjacinto.viatjaretravel.com\/wp-content\/uploads\/2023\/01\/Screenshot_2-1-300x151.png 300w\" sizes=\"auto, (max-width: 617px) 100vw, 617px\" \/><\/figure>\n<\/div>\n\n\n<p class=\"has-text-align-center\"><strong><em><mark style=\"background-color:rgba(0, 0, 0, 0)\" class=\"has-inline-color has-vivid-red-color\"><strong><em>Menores Gratis hasta los 17 a\u00f1os<\/em><\/strong><\/mark><\/em><\/strong><\/p>\n\n\n\n<p class=\"has-text-align-center\"><strong>Compartiendo habitaci\u00f3n con sus padres<\/strong><\/p>\n\n\n\n<p class=\"has-text-align-center\"><strong><a href=\"https:\/\/api.whatsapp.com\/send?phone=528115991090&amp;text=Buen%20d%C3%ADa%20necesito%20informaci%C3%B3n%20de%20la%20boda%20de%20Adeline%20y%20Juan%20y%20Jacinto...\" target=\"_blank\" rel=\"noreferrer noopener\"><mark style=\"background-color:rgba(0, 0, 0, 0)\" class=\"has-inline-color has-vivid-green-cyan-color\">Whatsapp (clic aqu\u00ed)<\/mark><\/a><\/strong><\/p>\n","protected":false},"excerpt":{"rendered":"<p>\u00a1Acomp\u00e1\u00f1anos! Los momentos m\u00e1s felices y divertidos de la vida, se toman m\u00e1s lindos cuando los compartimos con familiares y<\/p>\n<p><span class=\"more-link\"><a href=\"https:\/\/bodaadileneyjuanjacinto.viatjaretravel.com\/index.php\/reservacion\/\" class=\"readmore\">Seguir leyendo<span class=\"screen-reader-text\">Reservaci\u00f3n<\/span><\/a><\/span><\/p>\n","protected":false},"author":1,"featured_media":60,"parent":0,"menu_order":0,"comment_status":"closed","ping_status":"closed","template":"templates\/full-width-page.php","meta":{"_joinchat":[],"footnotes":""},"class_list":["post-17","page","type-page","status-publish","has-post-thumbnail","hentry"],"_links":{"self":[{"href":"https:\/\/bodaadileneyjuanjacinto.viatjaretravel.com\/index.php\/wp-json\/wp\/v2\/pages\/17","targetHints":{"allow":["GET"]}}],"collection":[{"href":"https:\/\/bodaadileneyjuanjacinto.viatjaretravel.com\/index.php\/wp-json\/wp\/v2\/pages"}],"about":[{"href":"https:\/\/bodaadileneyjuanjacinto.viatjaretravel.com\/index.php\/wp-json\/wp\/v2\/types\/page"}],"author":[{"embeddable":true,"href":"https:\/\/bodaadileneyjuanjacinto.viatjaretravel.com\/index.php\/wp-json\/wp\/v2\/users\/1"}],"replies":[{"embeddable":true,"href":"https:\/\/bodaadileneyjuanjacinto.viatjaretravel.com\/index.php\/wp-json\/wp\/v2\/comments?post=17"}],"version-history":[{"count":6,"href":"https:\/\/bodaadileneyjuanjacinto.viatjaretravel.com\/index.php\/wp-json\/wp\/v2\/pages\/17\/revisions"}],"predecessor-version":[{"id":72,"href":"https:\/\/bodaadileneyjuanjacinto.viatjaretravel.com\/index.php\/wp-json\/wp\/v2\/pages\/17\/revisions\/72"}],"wp:featuredmedia":[{"embeddable":true,"href":"https:\/\/bodaadileneyjuanjacinto.viatjaretravel.com\/index.php\/wp-json\/wp\/v2\/media\/60"}],"wp:attachment":[{"href":"https:\/\/bodaadileneyjuanjacinto.viatjaretravel.com\/index.php\/wp-json\/wp\/v2\/media?parent=17"}],"curies":[{"name":"wp","href":"https:\/\/api.w.org\/{rel}","templated":true}]}}