{"id":18,"date":"2023-01-28T16:03:21","date_gmt":"2023-01-28T16:03:21","guid":{"rendered":"https:\/\/bodaadileneyjuanjacinto.viatjaretravel.com\/?page_id=18"},"modified":"2023-02-09T18:38:07","modified_gmt":"2023-02-09T18:38:07","slug":"el-hotel","status":"publish","type":"page","link":"https:\/\/bodaadileneyjuanjacinto.viatjaretravel.com\/index.php\/el-hotel\/","title":{"rendered":"El Hotel"},"content":{"rendered":"\n<h2 class=\"has-text-align-center wp-block-heading\">Moon Palace Canc\u00fan \u00a1Con\u00f3celo!<\/h2>\n\n\n\n<p class=\"has-text-align-center\">Moon Palace Canc\u00fan tiene todo para unas vacaciones magn\u00edficas: energ\u00eda, lujo y posibilidades infinitas: comida gourmet, bebidas premium ilimitadas, playas impecables, un campo de golf de 27 hoyos Jack Nicklaus Signature, Awe Spa de clase mundial, tours para conocer el destino, shows nocturnos y diversi\u00f3n para chicos y grandes.<\/p>\n\n\n<div class=\"wp-block-image\">\n<figure class=\"aligncenter size-large\"><img loading=\"lazy\" decoding=\"async\" width=\"1024\" height=\"620\" src=\"https:\/\/bodaadileneyjuanjacinto.viatjaretravel.com\/wp-content\/uploads\/2023\/02\/moon-palace-1024x620.jpg\" alt=\"\" class=\"wp-image-56\" srcset=\"https:\/\/bodaadileneyjuanjacinto.viatjaretravel.com\/wp-content\/uploads\/2023\/02\/moon-palace-1024x620.jpg 1024w, https:\/\/bodaadileneyjuanjacinto.viatjaretravel.com\/wp-content\/uploads\/2023\/02\/moon-palace-300x182.jpg 300w, https:\/\/bodaadileneyjuanjacinto.viatjaretravel.com\/wp-content\/uploads\/2023\/02\/moon-palace-768x465.jpg 768w, https:\/\/bodaadileneyjuanjacinto.viatjaretravel.com\/wp-content\/uploads\/2023\/02\/moon-palace.jpg 1321w\" sizes=\"auto, (max-width: 1024px) 100vw, 1024px\" \/><\/figure>\n<\/div>\n\n\n<h2 class=\"has-text-align-center wp-block-heading\">UN REINO, DOS PALACIOS<\/h2>\n\n\n\n<p class=\"has-text-align-center\">Hospedarse en Moon Palace Canc\u00fan es tenerlo todo, incluso dos lobbies en un mismo resort para disfrutar de toda la diversi\u00f3n que buscas para tus vacaciones con: 16 restaurantes gourmet, 11 bares, 1 Awe Spa, 2 salas de belleza, canchas deportivas, 7 piscinas y simulador de olas.<\/p>\n\n\n<div class=\"wp-block-image\">\n<figure class=\"aligncenter size-large\"><img loading=\"lazy\" decoding=\"async\" width=\"1024\" height=\"771\" src=\"https:\/\/bodaadileneyjuanjacinto.viatjaretravel.com\/wp-content\/uploads\/2023\/01\/gastronomia_moon_palace_8367e76627-1024x771.jpg\" alt=\"\" class=\"wp-image-45\" srcset=\"https:\/\/bodaadileneyjuanjacinto.viatjaretravel.com\/wp-content\/uploads\/2023\/01\/gastronomia_moon_palace_8367e76627-1024x771.jpg 1024w, https:\/\/bodaadileneyjuanjacinto.viatjaretravel.com\/wp-content\/uploads\/2023\/01\/gastronomia_moon_palace_8367e76627-300x226.jpg 300w, https:\/\/bodaadileneyjuanjacinto.viatjaretravel.com\/wp-content\/uploads\/2023\/01\/gastronomia_moon_palace_8367e76627-768x578.jpg 768w, https:\/\/bodaadileneyjuanjacinto.viatjaretravel.com\/wp-content\/uploads\/2023\/01\/gastronomia_moon_palace_8367e76627-124x93.jpg 124w, https:\/\/bodaadileneyjuanjacinto.viatjaretravel.com\/wp-content\/uploads\/2023\/01\/gastronomia_moon_palace_8367e76627.jpg 1080w\" sizes=\"auto, (max-width: 1024px) 100vw, 1024px\" \/><\/figure>\n<\/div>\n\n\n<h2 class=\"has-text-align-center wp-block-heading\">LA HABITACI\u00d3N<\/h2>\n\n\n\n<p class=\"has-text-align-center\">\u00bfTe gusta disfrutar de la naturaleza? Entonces este es tu lugar, aqu\u00ed disfrutar\u00e1s de la paz que brindan nuestras \u00e1reas verdes, mientras escuchas el sonido del mar y te relajas en tu tina de hidromasaje doble, entre muchas otras comodidades que ofrece Moon Palace.<\/p>\n\n\n\n<div class=\"wp-block-columns is-layout-flex wp-container-core-columns-is-layout-9d6595d7 wp-block-columns-is-layout-flex\">\n<div class=\"wp-block-column is-layout-flow wp-block-column-is-layout-flow\" style=\"flex-basis:100%\">\n<figure class=\"wp-block-gallery has-nested-images columns-4 is-cropped wp-block-gallery-1 is-layout-flex wp-block-gallery-is-layout-flex\">\n<figure class=\"wp-block-image size-large\"><img loading=\"lazy\" decoding=\"async\" width=\"1024\" height=\"626\" data-id=\"81\" src=\"https:\/\/bodaadileneyjuanjacinto.viatjaretravel.com\/wp-content\/uploads\/2023\/02\/mpn_Room_Superior_Deluxe_Garden_View_gallerygrid_1620x990px_ecb0caedcf-1024x626.jpg\" alt=\"\" class=\"wp-image-81\" srcset=\"https:\/\/bodaadileneyjuanjacinto.viatjaretravel.com\/wp-content\/uploads\/2023\/02\/mpn_Room_Superior_Deluxe_Garden_View_gallerygrid_1620x990px_ecb0caedcf-1024x626.jpg 1024w, https:\/\/bodaadileneyjuanjacinto.viatjaretravel.com\/wp-content\/uploads\/2023\/02\/mpn_Room_Superior_Deluxe_Garden_View_gallerygrid_1620x990px_ecb0caedcf-300x183.jpg 300w, https:\/\/bodaadileneyjuanjacinto.viatjaretravel.com\/wp-content\/uploads\/2023\/02\/mpn_Room_Superior_Deluxe_Garden_View_gallerygrid_1620x990px_ecb0caedcf-768x469.jpg 768w, https:\/\/bodaadileneyjuanjacinto.viatjaretravel.com\/wp-content\/uploads\/2023\/02\/mpn_Room_Superior_Deluxe_Garden_View_gallerygrid_1620x990px_ecb0caedcf-1536x939.jpg 1536w, https:\/\/bodaadileneyjuanjacinto.viatjaretravel.com\/wp-content\/uploads\/2023\/02\/mpn_Room_Superior_Deluxe_Garden_View_gallerygrid_1620x990px_ecb0caedcf.jpg 1620w\" sizes=\"auto, (max-width: 1024px) 100vw, 1024px\" \/><\/figure>\n\n\n\n<figure class=\"wp-block-image size-large\"><img loading=\"lazy\" decoding=\"async\" width=\"1024\" height=\"626\" data-id=\"80\" src=\"https:\/\/bodaadileneyjuanjacinto.viatjaretravel.com\/wp-content\/uploads\/2023\/02\/mpn_Room_Superior_Deluxe_Garden_View_Bath_gallerygrid_1620x990px_b9cdab6998-1024x626.jpg\" alt=\"\" class=\"wp-image-80\" srcset=\"https:\/\/bodaadileneyjuanjacinto.viatjaretravel.com\/wp-content\/uploads\/2023\/02\/mpn_Room_Superior_Deluxe_Garden_View_Bath_gallerygrid_1620x990px_b9cdab6998-1024x626.jpg 1024w, https:\/\/bodaadileneyjuanjacinto.viatjaretravel.com\/wp-content\/uploads\/2023\/02\/mpn_Room_Superior_Deluxe_Garden_View_Bath_gallerygrid_1620x990px_b9cdab6998-300x183.jpg 300w, https:\/\/bodaadileneyjuanjacinto.viatjaretravel.com\/wp-content\/uploads\/2023\/02\/mpn_Room_Superior_Deluxe_Garden_View_Bath_gallerygrid_1620x990px_b9cdab6998-768x469.jpg 768w, https:\/\/bodaadileneyjuanjacinto.viatjaretravel.com\/wp-content\/uploads\/2023\/02\/mpn_Room_Superior_Deluxe_Garden_View_Bath_gallerygrid_1620x990px_b9cdab6998-1536x939.jpg 1536w, https:\/\/bodaadileneyjuanjacinto.viatjaretravel.com\/wp-content\/uploads\/2023\/02\/mpn_Room_Superior_Deluxe_Garden_View_Bath_gallerygrid_1620x990px_b9cdab6998.jpg 1620w\" sizes=\"auto, (max-width: 1024px) 100vw, 1024px\" \/><\/figure>\n\n\n\n<figure class=\"wp-block-image size-large\"><img loading=\"lazy\" decoding=\"async\" width=\"1024\" height=\"626\" data-id=\"79\" src=\"https:\/\/bodaadileneyjuanjacinto.viatjaretravel.com\/wp-content\/uploads\/2023\/02\/mps_Room_3_Bedrm_Golf_Villa_Wine_10_gallerygrid_1620x990px_5bedc625f3-1024x626.jpg\" alt=\"\" class=\"wp-image-79\" srcset=\"https:\/\/bodaadileneyjuanjacinto.viatjaretravel.com\/wp-content\/uploads\/2023\/02\/mps_Room_3_Bedrm_Golf_Villa_Wine_10_gallerygrid_1620x990px_5bedc625f3-1024x626.jpg 1024w, https:\/\/bodaadileneyjuanjacinto.viatjaretravel.com\/wp-content\/uploads\/2023\/02\/mps_Room_3_Bedrm_Golf_Villa_Wine_10_gallerygrid_1620x990px_5bedc625f3-300x183.jpg 300w, https:\/\/bodaadileneyjuanjacinto.viatjaretravel.com\/wp-content\/uploads\/2023\/02\/mps_Room_3_Bedrm_Golf_Villa_Wine_10_gallerygrid_1620x990px_5bedc625f3-768x469.jpg 768w, https:\/\/bodaadileneyjuanjacinto.viatjaretravel.com\/wp-content\/uploads\/2023\/02\/mps_Room_3_Bedrm_Golf_Villa_Wine_10_gallerygrid_1620x990px_5bedc625f3-1536x939.jpg 1536w, https:\/\/bodaadileneyjuanjacinto.viatjaretravel.com\/wp-content\/uploads\/2023\/02\/mps_Room_3_Bedrm_Golf_Villa_Wine_10_gallerygrid_1620x990px_5bedc625f3.jpg 1620w\" sizes=\"auto, (max-width: 1024px) 100vw, 1024px\" \/><\/figure>\n\n\n\n<figure class=\"wp-block-image size-large\"><img loading=\"lazy\" decoding=\"async\" width=\"1024\" height=\"626\" data-id=\"78\" src=\"https:\/\/bodaadileneyjuanjacinto.viatjaretravel.com\/wp-content\/uploads\/2023\/02\/mpc_Superior_deluxe_garden_view_Doble_FP_gallerygrid_1620x990px_dfa578de3f-1024x626.jpg\" alt=\"\" class=\"wp-image-78\" srcset=\"https:\/\/bodaadileneyjuanjacinto.viatjaretravel.com\/wp-content\/uploads\/2023\/02\/mpc_Superior_deluxe_garden_view_Doble_FP_gallerygrid_1620x990px_dfa578de3f-1024x626.jpg 1024w, https:\/\/bodaadileneyjuanjacinto.viatjaretravel.com\/wp-content\/uploads\/2023\/02\/mpc_Superior_deluxe_garden_view_Doble_FP_gallerygrid_1620x990px_dfa578de3f-300x183.jpg 300w, https:\/\/bodaadileneyjuanjacinto.viatjaretravel.com\/wp-content\/uploads\/2023\/02\/mpc_Superior_deluxe_garden_view_Doble_FP_gallerygrid_1620x990px_dfa578de3f-768x469.jpg 768w, https:\/\/bodaadileneyjuanjacinto.viatjaretravel.com\/wp-content\/uploads\/2023\/02\/mpc_Superior_deluxe_garden_view_Doble_FP_gallerygrid_1620x990px_dfa578de3f-1536x939.jpg 1536w, https:\/\/bodaadileneyjuanjacinto.viatjaretravel.com\/wp-content\/uploads\/2023\/02\/mpc_Superior_deluxe_garden_view_Doble_FP_gallerygrid_1620x990px_dfa578de3f.jpg 1620w\" sizes=\"auto, (max-width: 1024px) 100vw, 1024px\" \/><\/figure>\n<\/figure>\n\n\n\n<p class=\"has-text-align-center\">Con\u00f3cela en 360\u00b0 da <a href=\"https:\/\/my.matterport.com\/show\/?m=4P1W6RyZiJj&amp;play=1&amp;lp=1&amp;ts=1&amp;hl=0&amp;mf=1\" target=\"_blank\" rel=\"noreferrer noopener\">clic aqu\u00ed<\/a><\/p>\n<\/div>\n<\/div>\n","protected":false},"excerpt":{"rendered":"<p>Moon Palace Canc\u00fan \u00a1Con\u00f3celo! Moon Palace Canc\u00fan tiene todo para unas vacaciones magn\u00edficas: energ\u00eda, lujo y posibilidades infinitas: comida gourmet,<\/p>\n<p><span class=\"more-link\"><a href=\"https:\/\/bodaadileneyjuanjacinto.viatjaretravel.com\/index.php\/el-hotel\/\" class=\"readmore\">Seguir leyendo<span class=\"screen-reader-text\">El Hotel<\/span><\/a><\/span><\/p>\n","protected":false},"author":1,"featured_media":60,"parent":0,"menu_order":0,"comment_status":"closed","ping_status":"closed","template":"templates\/full-width-page.php","meta":{"_joinchat":[],"footnotes":""},"class_list":["post-18","page","type-page","status-publish","has-post-thumbnail","hentry"],"_links":{"self":[{"href":"https:\/\/bodaadileneyjuanjacinto.viatjaretravel.com\/index.php\/wp-json\/wp\/v2\/pages\/18","targetHints":{"allow":["GET"]}}],"collection":[{"href":"https:\/\/bodaadileneyjuanjacinto.viatjaretravel.com\/index.php\/wp-json\/wp\/v2\/pages"}],"about":[{"href":"https:\/\/bodaadileneyjuanjacinto.viatjaretravel.com\/index.php\/wp-json\/wp\/v2\/types\/page"}],"author":[{"embeddable":true,"href":"https:\/\/bodaadileneyjuanjacinto.viatjaretravel.com\/index.php\/wp-json\/wp\/v2\/users\/1"}],"replies":[{"embeddable":true,"href":"https:\/\/bodaadileneyjuanjacinto.viatjaretravel.com\/index.php\/wp-json\/wp\/v2\/comments?post=18"}],"version-history":[{"count":10,"href":"https:\/\/bodaadileneyjuanjacinto.viatjaretravel.com\/index.php\/wp-json\/wp\/v2\/pages\/18\/revisions"}],"predecessor-version":[{"id":82,"href":"https:\/\/bodaadileneyjuanjacinto.viatjaretravel.com\/index.php\/wp-json\/wp\/v2\/pages\/18\/revisions\/82"}],"wp:featuredmedia":[{"embeddable":true,"href":"https:\/\/bodaadileneyjuanjacinto.viatjaretravel.com\/index.php\/wp-json\/wp\/v2\/media\/60"}],"wp:attachment":[{"href":"https:\/\/bodaadileneyjuanjacinto.viatjaretravel.com\/index.php\/wp-json\/wp\/v2\/media?parent=18"}],"curies":[{"name":"wp","href":"https:\/\/api.w.org\/{rel}","templated":true}]}}